{"id":98,"date":"2025-12-18T22:11:11","date_gmt":"2025-12-18T22:11:11","guid":{"rendered":"https:\/\/idich.com\/?page_id=98"},"modified":"2026-01-05T05:09:55","modified_gmt":"2026-01-05T05:09:55","slug":"contact","status":"publish","type":"page","link":"https:\/\/idich.com\/index.php\/contact\/","title":{"rendered":"Contacto"},"content":{"rendered":"\t\t<div data-elementor-type=\"wp-page\" data-elementor-id=\"98\" class=\"elementor elementor-98\">\n\t\t\t\t<div class=\"elementor-element elementor-element-56ebdbc e-flex e-con-boxed e-con e-parent\" data-id=\"56ebdbc\" data-element_type=\"container\">\n\t\t\t\t\t<div class=\"e-con-inner\">\n\t\t\t\t\t<\/div>\n\t\t\t\t<\/div>\n\t\t<div class=\"elementor-element elementor-element-63dcaee e-flex e-con-boxed e-con e-parent\" data-id=\"63dcaee\" data-element_type=\"container\">\n\t\t\t\t\t<div class=\"e-con-inner\">\n\t\t\t\t\t<\/div>\n\t\t\t\t<\/div>\n\t\t<div class=\"elementor-element elementor-element-baa1d2c e-flex e-con-boxed e-con e-parent\" data-id=\"baa1d2c\" data-element_type=\"container\">\n\t\t\t\t\t<div class=\"e-con-inner\">\n\t\t<div class=\"elementor-element elementor-element-7e169d2 e-con-full e-flex e-con e-child\" data-id=\"7e169d2\" data-element_type=\"container\">\n\t\t\t\t<div class=\"elementor-element elementor-element-e7db470 elementor-widget elementor-widget-wpforms\" data-id=\"e7db470\" data-element_type=\"widget\" data-widget_type=\"wpforms.default\">\n\t\t\t\t<div class=\"elementor-widget-container\">\n\t\t\t\t\t<div class=\"wpforms-container wpforms-container-full wpforms-render-modern\" id=\"wpforms-107\"><form id=\"wpforms-form-107\" class=\"wpforms-validate wpforms-form wpforms-ajax-form\" data-formid=\"107\" method=\"post\" enctype=\"multipart\/form-data\" action=\"\/index.php\/wp-json\/wp\/v2\/pages\/98\" data-token=\"72152a53cd1060db477a90b6fe76a986\" data-token-time=\"1776599634\"><noscript class=\"wpforms-error-noscript\">Por favor, activa JavaScript en tu navegador para completar este formulario.<\/noscript><div id=\"wpforms-error-noscript\" style=\"display: none;\">Por favor, activa JavaScript en tu navegador para completar este formulario.<\/div><div class=\"wpforms-field-container\"><div id=\"wpforms-107-field_1-container\" class=\"wpforms-field wpforms-field-name\" data-field-id=\"1\"><fieldset><legend class=\"wpforms-field-label\">Nombre <span class=\"wpforms-required-label\" aria-hidden=\"true\">*<\/span><\/legend><div class=\"wpforms-field-row wpforms-field-medium\"><div class=\"wpforms-field-row-block wpforms-first wpforms-one-half\"><input type=\"text\" id=\"wpforms-107-field_1\" class=\"wpforms-field-name-first wpforms-field-required\" name=\"wpforms[fields][1][first]\" aria-errormessage=\"wpforms-107-field_1-error\" required><label for=\"wpforms-107-field_1\" class=\"wpforms-field-sublabel after\">Nombre<\/label><\/div><div class=\"wpforms-field-row-block wpforms-one-half\"><input type=\"text\" id=\"wpforms-107-field_1-last\" class=\"wpforms-field-name-last wpforms-field-required\" name=\"wpforms[fields][1][last]\" aria-errormessage=\"wpforms-107-field_1-last-error\" required><label for=\"wpforms-107-field_1-last\" class=\"wpforms-field-sublabel after\">Apellidos<\/label><\/div><\/div><\/fieldset><\/div><div id=\"wpforms-107-field_4-container\" class=\"wpforms-field wpforms-field-number\" data-field-id=\"4\"><label class=\"wpforms-field-label\" for=\"wpforms-107-field_4\">N\u00famero de telefono<\/label><input type=\"number\" id=\"wpforms-107-field_4\" class=\"wpforms-field-medium\" name=\"wpforms[fields][4]\" step=\"any\" aria-errormessage=\"wpforms-107-field_4-error\" ><\/div>\t\t<div id=\"wpforms-107-field_5-container\"\n\t\t\tclass=\"wpforms-field wpforms-field-text\"\n\t\t\tdata-field-type=\"text\"\n\t\t\tdata-field-id=\"5\"\n\t\t\t>\n\t\t\t<label class=\"wpforms-field-label\" for=\"wpforms-107-field_5\" >Correo mensaje N\u00famero<\/label>\n\t\t\t<input type=\"text\" id=\"wpforms-107-field_5\" class=\"wpforms-field-medium\" name=\"wpforms[fields][5]\" >\n\t\t<\/div>\n\t\t<div id=\"wpforms-107-field_2-container\" class=\"wpforms-field wpforms-field-email\" data-field-id=\"2\"><label class=\"wpforms-field-label\" for=\"wpforms-107-field_2\">Correo electr\u00f3nico <span class=\"wpforms-required-label\" aria-hidden=\"true\">*<\/span><\/label><input type=\"email\" id=\"wpforms-107-field_2\" class=\"wpforms-field-medium wpforms-field-required\" name=\"wpforms[fields][2]\" spellcheck=\"false\" aria-errormessage=\"wpforms-107-field_2-error\" required><\/div><div id=\"wpforms-107-field_3-container\" class=\"wpforms-field wpforms-field-textarea\" data-field-id=\"3\"><label class=\"wpforms-field-label\" for=\"wpforms-107-field_3\">Comentario o mensaje<\/label><textarea id=\"wpforms-107-field_3\" class=\"wpforms-field-medium\" name=\"wpforms[fields][3]\" aria-errormessage=\"wpforms-107-field_3-error\" ><\/textarea><\/div><script>\n\t\t\t\t( function() {\n\t\t\t\t\tconst style = document.createElement( 'style' );\n\t\t\t\t\tstyle.appendChild( document.createTextNode( '#wpforms-107-field_5-container { position: absolute !important; overflow: hidden !important; display: inline !important; height: 1px !important; width: 1px !important; z-index: -1000 !important; padding: 0 !important; } #wpforms-107-field_5-container input { visibility: hidden; } #wpforms-conversational-form-page #wpforms-107-field_5-container label { counter-increment: none; }' ) );\n\t\t\t\t\tdocument.head.appendChild( style );\n\t\t\t\t\tdocument.currentScript?.remove();\n\t\t\t\t} )();\n\t\t\t<\/script><\/div><!-- .wpforms-field-container --><div class=\"wpforms-submit-container\" ><input type=\"hidden\" name=\"wpforms[id]\" value=\"107\"><input type=\"hidden\" name=\"page_title\" value=\"\"><input type=\"hidden\" name=\"page_url\" value=\"https:\/\/idich.com\/index.php\/wp-json\/wp\/v2\/pages\/98\"><input type=\"hidden\" name=\"url_referer\" value=\"\"><button type=\"submit\" name=\"wpforms[submit]\" id=\"wpforms-submit-107\" class=\"wpforms-submit\" data-alt-text=\"Enviando...\" data-submit-text=\"Enviar\" aria-live=\"assertive\" value=\"wpforms-submit\">Enviar<\/button><img decoding=\"async\" src=\"https:\/\/idich.com\/wp-content\/plugins\/wpforms-lite\/assets\/images\/submit-spin.svg\" class=\"wpforms-submit-spinner\" style=\"display: none;\" width=\"26\" height=\"26\" alt=\"Cargando\"><\/div><\/form><\/div>  <!-- .wpforms-container -->\t\t\t\t<\/div>\n\t\t\t\t<\/div>\n\t\t\t\t<\/div>\n\t\t<div class=\"elementor-element elementor-element-25470bc e-con-full e-flex e-con e-child\" data-id=\"25470bc\" data-element_type=\"container\">\n\t\t<div class=\"elementor-element elementor-element-b8f48fc e-con-full e-flex e-con e-child\" data-id=\"b8f48fc\" data-element_type=\"container\">\n\t\t\t\t<div class=\"elementor-element elementor-element-3581ac6 elementor-widget elementor-widget-heading\" data-id=\"3581ac6\" data-element_type=\"widget\" data-widget_type=\"heading.default\">\n\t\t\t\t\t<h2 class=\"elementor-heading-title elementor-size-default\">Contacto<\/h2>\t\t\t\t<\/div>\n\t\t\t\t<div class=\"elementor-element elementor-element-023d374 elementor-widget elementor-widget-text-editor\" data-id=\"023d374\" data-element_type=\"widget\" data-widget_type=\"text-editor.default\">\n\t\t\t\t\t\t\t\t\t<p>Env\u00edanos un mensaje y nos pondremos en contacto contigo lo m\u00e1s pronto posible.<\/p>\t\t\t\t\t\t\t\t<\/div>\n\t\t\t\t<div class=\"elementor-element elementor-element-30d8373 elementor-icon-list--layout-traditional elementor-list-item-link-full_width elementor-widget elementor-widget-icon-list\" data-id=\"30d8373\" data-element_type=\"widget\" data-widget_type=\"icon-list.default\">\n\t\t\t\t\t\t\t<ul class=\"elementor-icon-list-items\">\n\t\t\t\t\t\t\t<li class=\"elementor-icon-list-item\">\n\t\t\t\t\t\t\t\t\t\t\t<span class=\"elementor-icon-list-icon\">\n\t\t\t\t\t\t\t<svg aria-hidden=\"true\" class=\"e-font-icon-svg e-fas-map-pin\" viewBox=\"0 0 288 512\" xmlns=\"http:\/\/www.w3.org\/2000\/svg\"><path d=\"M112 316.94v156.69l22.02 33.02c4.75 7.12 15.22 7.12 19.97 0L176 473.63V316.94c-10.39 1.92-21.06 3.06-32 3.06s-21.61-1.14-32-3.06zM144 0C64.47 0 0 64.47 0 144s64.47 144 144 144 144-64.47 144-144S223.53 0 144 0zm0 76c-37.5 0-68 30.5-68 68 0 6.62-5.38 12-12 12s-12-5.38-12-12c0-50.73 41.28-92 92-92 6.62 0 12 5.38 12 12s-5.38 12-12 12z\"><\/path><\/svg>\t\t\t\t\t\t<\/span>\n\t\t\t\t\t\t\t\t\t\t<span class=\"elementor-icon-list-text\">San Rafael Tlanalapan, Calle Veracruz #2 San Martin Texmelucan Puebla C.P 74122<\/span>\n\t\t\t\t\t\t\t\t\t<\/li>\n\t\t\t\t\t\t\t\t<li class=\"elementor-icon-list-item\">\n\t\t\t\t\t\t\t\t\t\t\t<span class=\"elementor-icon-list-icon\">\n\t\t\t\t\t\t\t<svg aria-hidden=\"true\" class=\"e-font-icon-svg e-fas-phone\" viewBox=\"0 0 512 512\" xmlns=\"http:\/\/www.w3.org\/2000\/svg\"><path d=\"M493.4 24.6l-104-24c-11.3-2.6-22.9 3.3-27.5 13.9l-48 112c-4.2 9.8-1.4 21.3 6.9 28l60.6 49.6c-36 76.7-98.9 140.5-177.2 177.2l-49.6-60.6c-6.8-8.3-18.2-11.1-28-6.9l-112 48C3.9 366.5-2 378.1.6 389.4l24 104C27.1 504.2 36.7 512 48 512c256.1 0 464-207.5 464-464 0-11.2-7.7-20.9-18.6-23.4z\"><\/path><\/svg>\t\t\t\t\t\t<\/span>\n\t\t\t\t\t\t\t\t\t\t<span class=\"elementor-icon-list-text\">(248) 116 97 30 | (55) 42 54 40 04<\/span>\n\t\t\t\t\t\t\t\t\t<\/li>\n\t\t\t\t\t\t\t\t<li class=\"elementor-icon-list-item\">\n\t\t\t\t\t\t\t\t\t\t\t<span class=\"elementor-icon-list-icon\">\n\t\t\t\t\t\t\t<svg aria-hidden=\"true\" class=\"e-font-icon-svg e-far-envelope\" viewBox=\"0 0 512 512\" xmlns=\"http:\/\/www.w3.org\/2000\/svg\"><path d=\"M464 64H48C21.49 64 0 85.49 0 112v288c0 26.51 21.49 48 48 48h416c26.51 0 48-21.49 48-48V112c0-26.51-21.49-48-48-48zm0 48v40.805c-22.422 18.259-58.168 46.651-134.587 106.49-16.841 13.247-50.201 45.072-73.413 44.701-23.208.375-56.579-31.459-73.413-44.701C106.18 199.465 70.425 171.067 48 152.805V112h416zM48 400V214.398c22.914 18.251 55.409 43.862 104.938 82.646 21.857 17.205 60.134 55.186 103.062 54.955 42.717.231 80.509-37.199 103.053-54.947 49.528-38.783 82.032-64.401 104.947-82.653V400H48z\"><\/path><\/svg>\t\t\t\t\t\t<\/span>\n\t\t\t\t\t\t\t\t\t\t<span class=\"elementor-icon-list-text\">idich.instalaciones.ductos@gmail.com<\/span>\n\t\t\t\t\t\t\t\t\t<\/li>\n\t\t\t\t\t\t<\/ul>\n\t\t\t\t\t\t<\/div>\n\t\t\t\t<\/div>\n\t\t<div class=\"elementor-element elementor-element-026d753 e-con-full e-flex e-con e-child\" data-id=\"026d753\" data-element_type=\"container\">\n\t\t\t\t<div class=\"elementor-element elementor-element-0267ef7 elementor-widget elementor-widget-google_maps\" data-id=\"0267ef7\" data-element_type=\"widget\" data-widget_type=\"google_maps.default\">\n\t\t\t\t\t\t\t<div class=\"elementor-custom-embed\">\n\t\t\t<iframe loading=\"lazy\"\n\t\t\t\t\tsrc=\"https:\/\/maps.google.com\/maps?q=IDICH%20INSTALACIONES%20Y%20DUCTOS&#038;t=m&#038;z=15&#038;output=embed&#038;iwloc=near\"\n\t\t\t\t\ttitle=\"IDICH INSTALACIONES Y DUCTOS\"\n\t\t\t\t\taria-label=\"IDICH INSTALACIONES Y DUCTOS\"\n\t\t\t><\/iframe>\n\t\t<\/div>\n\t\t\t\t\t\t<\/div>\n\t\t\t\t<\/div>\n\t\t\t\t<\/div>\n\t\t\t\t\t<\/div>\n\t\t\t\t<\/div>\n\t\t\t\t<\/div>\n\t\t","protected":false},"excerpt":{"rendered":"<p>Por favor, activa JavaScript en tu navegador para completar este formulario.Por favor, activa JavaScript en tu navegador para completar este formulario. Nombre * NombreApellidos N\u00famero de telefonoCorreo electr\u00f3nico *Comentario o mensaje Enviar Contacto Env\u00edanos un mensaje y nos pondremos en contacto contigo lo m\u00e1s pronto posible. San Rafael Tlanalapan, Calle Veracruz #2 San Martin Texmelucan [&hellip;]<\/p>\n","protected":false},"author":1,"featured_media":0,"parent":0,"menu_order":0,"comment_status":"closed","ping_status":"closed","template":"elementor_header_footer","meta":{"footnotes":""},"class_list":["post-98","page","type-page","status-publish","hentry"],"yoast_head":"<!-- This site is optimized with the Yoast SEO plugin v26.6 - https:\/\/yoast.com\/wordpress\/plugins\/seo\/ -->\n<title>Contacto - IDICH<\/title>\n<meta name=\"robots\" content=\"index, follow, max-snippet:-1, max-image-preview:large, max-video-preview:-1\" \/>\n<link rel=\"canonical\" href=\"https:\/\/idich.com\/index.php\/contact\/\" \/>\n<meta property=\"og:locale\" content=\"es_ES\" \/>\n<meta property=\"og:type\" content=\"article\" \/>\n<meta property=\"og:title\" content=\"Contacto - IDICH\" \/>\n<meta property=\"og:description\" content=\"Por favor, activa JavaScript en tu navegador para completar este formulario.Por favor, activa JavaScript en tu navegador para completar este formulario. Nombre * NombreApellidos N\u00famero de telefonoCorreo electr\u00f3nico *Comentario o mensaje Enviar Contacto Env\u00edanos un mensaje y nos pondremos en contacto contigo lo m\u00e1s pronto posible. San Rafael Tlanalapan, Calle Veracruz #2 San Martin Texmelucan [&hellip;]\" \/>\n<meta property=\"og:url\" content=\"https:\/\/idich.com\/index.php\/contact\/\" \/>\n<meta property=\"og:site_name\" content=\"IDICH\" \/>\n<meta property=\"article:modified_time\" content=\"2026-01-05T05:09:55+00:00\" \/>\n<meta property=\"og:image\" content=\"https:\/\/idich.com\/wp-content\/plugins\/wpforms-lite\/assets\/images\/submit-spin.svg\" \/>\n<meta name=\"twitter:card\" content=\"summary_large_image\" \/>\n<meta name=\"twitter:label1\" content=\"Tiempo de lectura\" \/>\n\t<meta name=\"twitter:data1\" content=\"1 minuto\" \/>\n<script type=\"application\/ld+json\" class=\"yoast-schema-graph\">{\"@context\":\"https:\/\/schema.org\",\"@graph\":[{\"@type\":\"WebPage\",\"@id\":\"https:\/\/idich.com\/index.php\/contact\/\",\"url\":\"https:\/\/idich.com\/index.php\/contact\/\",\"name\":\"Contacto - IDICH\",\"isPartOf\":{\"@id\":\"https:\/\/idich.com\/#website\"},\"primaryImageOfPage\":{\"@id\":\"https:\/\/idich.com\/index.php\/contact\/#primaryimage\"},\"image\":{\"@id\":\"https:\/\/idich.com\/index.php\/contact\/#primaryimage\"},\"thumbnailUrl\":\"https:\/\/idich.com\/wp-content\/plugins\/wpforms-lite\/assets\/images\/submit-spin.svg\",\"datePublished\":\"2025-12-18T22:11:11+00:00\",\"dateModified\":\"2026-01-05T05:09:55+00:00\",\"breadcrumb\":{\"@id\":\"https:\/\/idich.com\/index.php\/contact\/#breadcrumb\"},\"inLanguage\":\"es\",\"potentialAction\":[{\"@type\":\"ReadAction\",\"target\":[\"https:\/\/idich.com\/index.php\/contact\/\"]}]},{\"@type\":\"ImageObject\",\"inLanguage\":\"es\",\"@id\":\"https:\/\/idich.com\/index.php\/contact\/#primaryimage\",\"url\":\"https:\/\/idich.com\/wp-content\/plugins\/wpforms-lite\/assets\/images\/submit-spin.svg\",\"contentUrl\":\"https:\/\/idich.com\/wp-content\/plugins\/wpforms-lite\/assets\/images\/submit-spin.svg\"},{\"@type\":\"BreadcrumbList\",\"@id\":\"https:\/\/idich.com\/index.php\/contact\/#breadcrumb\",\"itemListElement\":[{\"@type\":\"ListItem\",\"position\":1,\"name\":\"Portada\",\"item\":\"https:\/\/idich.com\/\"},{\"@type\":\"ListItem\",\"position\":2,\"name\":\"Contacto\"}]},{\"@type\":\"WebSite\",\"@id\":\"https:\/\/idich.com\/#website\",\"url\":\"https:\/\/idich.com\/\",\"name\":\"Instalaciones y Ductos Industrial-Comercial-Herreria\",\"description\":\"Instalaciones y Ductos\",\"publisher\":{\"@id\":\"https:\/\/idich.com\/#organization\"},\"alternateName\":\"IDICH\",\"potentialAction\":[{\"@type\":\"SearchAction\",\"target\":{\"@type\":\"EntryPoint\",\"urlTemplate\":\"https:\/\/idich.com\/?s={search_term_string}\"},\"query-input\":{\"@type\":\"PropertyValueSpecification\",\"valueRequired\":true,\"valueName\":\"search_term_string\"}}],\"inLanguage\":\"es\"},{\"@type\":\"Organization\",\"@id\":\"https:\/\/idich.com\/#organization\",\"name\":\"INSTALACIONES Y DUCTOS INDUSTRIAL COMERCIAL HERRERIA\",\"alternateName\":\"IDICH\",\"url\":\"https:\/\/idich.com\/\",\"logo\":{\"@type\":\"ImageObject\",\"inLanguage\":\"es\",\"@id\":\"https:\/\/idich.com\/#\/schema\/logo\/image\/\",\"url\":\"https:\/\/idich.com\/wp-content\/uploads\/2025\/12\/image01-removebg-preview.png\",\"contentUrl\":\"https:\/\/idich.com\/wp-content\/uploads\/2025\/12\/image01-removebg-preview.png\",\"width\":557,\"height\":448,\"caption\":\"INSTALACIONES Y DUCTOS INDUSTRIAL COMERCIAL HERRERIA\"},\"image\":{\"@id\":\"https:\/\/idich.com\/#\/schema\/logo\/image\/\"}}]}<\/script>\n<!-- \/ Yoast SEO plugin. -->","yoast_head_json":{"title":"Contacto - IDICH","robots":{"index":"index","follow":"follow","max-snippet":"max-snippet:-1","max-image-preview":"max-image-preview:large","max-video-preview":"max-video-preview:-1"},"canonical":"https:\/\/idich.com\/index.php\/contact\/","og_locale":"es_ES","og_type":"article","og_title":"Contacto - IDICH","og_description":"Por favor, activa JavaScript en tu navegador para completar este formulario.Por favor, activa JavaScript en tu navegador para completar este formulario. Nombre * NombreApellidos N\u00famero de telefonoCorreo electr\u00f3nico *Comentario o mensaje Enviar Contacto Env\u00edanos un mensaje y nos pondremos en contacto contigo lo m\u00e1s pronto posible. San Rafael Tlanalapan, Calle Veracruz #2 San Martin Texmelucan [&hellip;]","og_url":"https:\/\/idich.com\/index.php\/contact\/","og_site_name":"IDICH","article_modified_time":"2026-01-05T05:09:55+00:00","og_image":[{"url":"https:\/\/idich.com\/wp-content\/plugins\/wpforms-lite\/assets\/images\/submit-spin.svg","type":"","width":"","height":""}],"twitter_card":"summary_large_image","twitter_misc":{"Tiempo de lectura":"1 minuto"},"schema":{"@context":"https:\/\/schema.org","@graph":[{"@type":"WebPage","@id":"https:\/\/idich.com\/index.php\/contact\/","url":"https:\/\/idich.com\/index.php\/contact\/","name":"Contacto - IDICH","isPartOf":{"@id":"https:\/\/idich.com\/#website"},"primaryImageOfPage":{"@id":"https:\/\/idich.com\/index.php\/contact\/#primaryimage"},"image":{"@id":"https:\/\/idich.com\/index.php\/contact\/#primaryimage"},"thumbnailUrl":"https:\/\/idich.com\/wp-content\/plugins\/wpforms-lite\/assets\/images\/submit-spin.svg","datePublished":"2025-12-18T22:11:11+00:00","dateModified":"2026-01-05T05:09:55+00:00","breadcrumb":{"@id":"https:\/\/idich.com\/index.php\/contact\/#breadcrumb"},"inLanguage":"es","potentialAction":[{"@type":"ReadAction","target":["https:\/\/idich.com\/index.php\/contact\/"]}]},{"@type":"ImageObject","inLanguage":"es","@id":"https:\/\/idich.com\/index.php\/contact\/#primaryimage","url":"https:\/\/idich.com\/wp-content\/plugins\/wpforms-lite\/assets\/images\/submit-spin.svg","contentUrl":"https:\/\/idich.com\/wp-content\/plugins\/wpforms-lite\/assets\/images\/submit-spin.svg"},{"@type":"BreadcrumbList","@id":"https:\/\/idich.com\/index.php\/contact\/#breadcrumb","itemListElement":[{"@type":"ListItem","position":1,"name":"Portada","item":"https:\/\/idich.com\/"},{"@type":"ListItem","position":2,"name":"Contacto"}]},{"@type":"WebSite","@id":"https:\/\/idich.com\/#website","url":"https:\/\/idich.com\/","name":"Instalaciones y Ductos Industrial-Comercial-Herreria","description":"Instalaciones y Ductos","publisher":{"@id":"https:\/\/idich.com\/#organization"},"alternateName":"IDICH","potentialAction":[{"@type":"SearchAction","target":{"@type":"EntryPoint","urlTemplate":"https:\/\/idich.com\/?s={search_term_string}"},"query-input":{"@type":"PropertyValueSpecification","valueRequired":true,"valueName":"search_term_string"}}],"inLanguage":"es"},{"@type":"Organization","@id":"https:\/\/idich.com\/#organization","name":"INSTALACIONES Y DUCTOS INDUSTRIAL COMERCIAL HERRERIA","alternateName":"IDICH","url":"https:\/\/idich.com\/","logo":{"@type":"ImageObject","inLanguage":"es","@id":"https:\/\/idich.com\/#\/schema\/logo\/image\/","url":"https:\/\/idich.com\/wp-content\/uploads\/2025\/12\/image01-removebg-preview.png","contentUrl":"https:\/\/idich.com\/wp-content\/uploads\/2025\/12\/image01-removebg-preview.png","width":557,"height":448,"caption":"INSTALACIONES Y DUCTOS INDUSTRIAL COMERCIAL HERRERIA"},"image":{"@id":"https:\/\/idich.com\/#\/schema\/logo\/image\/"}}]}},"_links":{"self":[{"href":"https:\/\/idich.com\/index.php\/wp-json\/wp\/v2\/pages\/98","targetHints":{"allow":["GET"]}}],"collection":[{"href":"https:\/\/idich.com\/index.php\/wp-json\/wp\/v2\/pages"}],"about":[{"href":"https:\/\/idich.com\/index.php\/wp-json\/wp\/v2\/types\/page"}],"author":[{"embeddable":true,"href":"https:\/\/idich.com\/index.php\/wp-json\/wp\/v2\/users\/1"}],"replies":[{"embeddable":true,"href":"https:\/\/idich.com\/index.php\/wp-json\/wp\/v2\/comments?post=98"}],"version-history":[{"count":16,"href":"https:\/\/idich.com\/index.php\/wp-json\/wp\/v2\/pages\/98\/revisions"}],"predecessor-version":[{"id":203,"href":"https:\/\/idich.com\/index.php\/wp-json\/wp\/v2\/pages\/98\/revisions\/203"}],"wp:attachment":[{"href":"https:\/\/idich.com\/index.php\/wp-json\/wp\/v2\/media?parent=98"}],"curies":[{"name":"wp","href":"https:\/\/api.w.org\/{rel}","templated":true}]}}